{"id":209,"date":"2025-11-24T10:21:52","date_gmt":"2025-11-24T09:21:52","guid":{"rendered":"https:\/\/www.deliasaavedra.es\/webdelia\/traduction\/"},"modified":"2025-11-25T11:32:47","modified_gmt":"2025-11-25T10:32:47","slug":"traduction","status":"publish","type":"page","link":"https:\/\/www.deliasaavedra.es\/fr\/traduction\/","title":{"rendered":"Traduction"},"content":{"rendered":"\t\t<div data-elementor-type=\"wp-post\" data-elementor-id=\"209\" class=\"elementor elementor-209 elementor-30\" data-elementor-post-type=\"page\">\n\t\t\t\t<div class=\"elementor-element elementor-element-2183df3 e-flex e-con-boxed e-con e-parent\" data-id=\"2183df3\" data-element_type=\"container\" data-e-type=\"container\">\n\t\t\t\t\t<div class=\"e-con-inner\">\n\t\t\t\t<div class=\"elementor-element elementor-element-bf340d2 elementor-view-default elementor-widget elementor-widget-icon\" data-id=\"bf340d2\" data-element_type=\"widget\" data-e-type=\"widget\" data-widget_type=\"icon.default\">\n\t\t\t\t\t\t\t<div class=\"elementor-icon-wrapper\">\n\t\t\t<a class=\"elementor-icon\" href=\"https:\/\/www.deliasaavedra.es\/fr\/\">\n\t\t\t<svg aria-hidden=\"true\" class=\"e-font-icon-svg e-fas-home\" viewBox=\"0 0 576 512\" xmlns=\"http:\/\/www.w3.org\/2000\/svg\"><path d=\"M280.37 148.26L96 300.11V464a16 16 0 0 0 16 16l112.06-.29a16 16 0 0 0 15.92-16V368a16 16 0 0 1 16-16h64a16 16 0 0 1 16 16v95.64a16 16 0 0 0 16 16.05L464 480a16 16 0 0 0 16-16V300L295.67 148.26a12.19 12.19 0 0 0-15.3 0zM571.6 251.47L488 182.56V44.05a12 12 0 0 0-12-12h-56a12 12 0 0 0-12 12v72.61L318.47 43a48 48 0 0 0-61 0L4.34 251.47a12 12 0 0 0-1.6 16.9l25.5 31A12 12 0 0 0 45.15 301l235.22-193.74a12.19 12.19 0 0 1 15.3 0L530.9 301a12 12 0 0 0 16.9-1.6l25.5-31a12 12 0 0 0-1.7-16.93z\"><\/path><\/svg>\t\t\t<\/a>\n\t\t<\/div>\n\t\t\t\t\t\t<\/div>\n\t\t\t\t<div class=\"elementor-element elementor-element-bc047e4 elementor-widget elementor-widget-heading\" data-id=\"bc047e4\" data-element_type=\"widget\" data-e-type=\"widget\" data-widget_type=\"heading.default\">\n\t\t\t\t\t<h1 class=\"elementor-heading-title elementor-size-default\">Traduction.<\/h1>\t\t\t\t<\/div>\n\t\t<div class=\"elementor-element elementor-element-0110700 e-con-full e-flex e-con e-child\" data-id=\"0110700\" data-element_type=\"container\" data-e-type=\"container\">\n\t\t<div class=\"elementor-element elementor-element-4dad0de e-con-full e-flex e-con e-child\" data-id=\"4dad0de\" data-element_type=\"container\" data-e-type=\"container\">\n\t\t\t\t<div class=\"elementor-element elementor-element-d7643e4 elementor-widget elementor-widget-text-editor\" data-id=\"d7643e4\" data-element_type=\"widget\" data-e-type=\"widget\" data-widget_type=\"text-editor.default\">\n\t\t\t\t\t\t\t\t\t<p><strong>Formation<\/strong><\/p><p>Dipl\u00f4m\u00e9e en Traduction et Interpr\u00e9tation en 1999 \u00e0 l&rsquo;Universit\u00e9 d&rsquo;Alicante.<\/p><p>Traductrice-Interpr\u00e8te asserment\u00e9e de fran\u00e7ais nomm\u00e9e par le Minist\u00e8re des Affaires \u00e9trang\u00e8res et de la Coop\u00e9ration en 1999.<\/p><p>Cours de traduction assist\u00e9e SDL Trados en 2009. Formation Aula SIC.<\/p>\t\t\t\t\t\t\t\t<\/div>\n\t\t\t\t<\/div>\n\t\t<div class=\"elementor-element elementor-element-430ae56 e-con-full e-flex e-con e-child\" data-id=\"430ae56\" data-element_type=\"container\" data-e-type=\"container\">\n\t\t\t\t<div class=\"elementor-element elementor-element-be80e09 elementor-widget elementor-widget-text-editor\" data-id=\"be80e09\" data-element_type=\"widget\" data-e-type=\"widget\" data-widget_type=\"text-editor.default\">\n\t\t\t\t\t\t\t\t\t<p><strong>Sp\u00e9cialisation<\/strong><\/p><p>Traduction officielle<\/p><p>Traduction asserment\u00e9e<\/p><p>Traduction sp\u00e9cialis\u00e9e : \u00e9conomie, droit, tourisme, agriculture, art.<\/p>\t\t\t\t\t\t\t\t<\/div>\n\t\t\t\t<\/div>\n\t\t\t\t<\/div>\n\t\t\t\t\t<\/div>\n\t\t\t\t<\/div>\n\t\t\t\t<\/div>\n\t\t","protected":false},"excerpt":{"rendered":"<p>Traduction. Formation Dipl\u00f4m\u00e9e en Traduction et Interpr\u00e9tation en 1999 \u00e0 l&rsquo;Universit\u00e9 d&rsquo;Alicante. Traductrice-Interpr\u00e8te asserment\u00e9e de fran\u00e7ais nomm\u00e9e par le Minist\u00e8re des Affaires \u00e9trang\u00e8res et de la Coop\u00e9ration en 1999. Cours de traduction assist\u00e9e SDL Trados en 2009. Formation Aula SIC. Sp\u00e9cialisation Traduction officielle Traduction asserment\u00e9e Traduction sp\u00e9cialis\u00e9e : \u00e9conomie, droit, tourisme, agriculture, art.<\/p>\n","protected":false},"author":1,"featured_media":0,"parent":0,"menu_order":0,"comment_status":"closed","ping_status":"closed","template":"","meta":{"footnotes":""},"class_list":["post-209","page","type-page","status-publish","hentry"],"_links":{"self":[{"href":"https:\/\/www.deliasaavedra.es\/fr\/wp-json\/wp\/v2\/pages\/209","targetHints":{"allow":["GET"]}}],"collection":[{"href":"https:\/\/www.deliasaavedra.es\/fr\/wp-json\/wp\/v2\/pages"}],"about":[{"href":"https:\/\/www.deliasaavedra.es\/fr\/wp-json\/wp\/v2\/types\/page"}],"author":[{"embeddable":true,"href":"https:\/\/www.deliasaavedra.es\/fr\/wp-json\/wp\/v2\/users\/1"}],"replies":[{"embeddable":true,"href":"https:\/\/www.deliasaavedra.es\/fr\/wp-json\/wp\/v2\/comments?post=209"}],"version-history":[{"count":5,"href":"https:\/\/www.deliasaavedra.es\/fr\/wp-json\/wp\/v2\/pages\/209\/revisions"}],"predecessor-version":[{"id":230,"href":"https:\/\/www.deliasaavedra.es\/fr\/wp-json\/wp\/v2\/pages\/209\/revisions\/230"}],"wp:attachment":[{"href":"https:\/\/www.deliasaavedra.es\/fr\/wp-json\/wp\/v2\/media?parent=209"}],"curies":[{"name":"wp","href":"https:\/\/api.w.org\/{rel}","templated":true}]}}