{"id":207,"date":"2025-11-24T10:21:40","date_gmt":"2025-11-24T09:21:40","guid":{"rendered":"https:\/\/www.deliasaavedra.es\/webdelia\/services\/"},"modified":"2025-11-25T11:36:37","modified_gmt":"2025-11-25T10:36:37","slug":"services","status":"publish","type":"page","link":"https:\/\/www.deliasaavedra.es\/fr\/services\/","title":{"rendered":"Services"},"content":{"rendered":"\t\t<div data-elementor-type=\"wp-post\" data-elementor-id=\"207\" class=\"elementor elementor-207 elementor-26\" data-elementor-post-type=\"page\">\n\t\t\t\t<div class=\"elementor-element elementor-element-6b2b28d e-flex e-con-boxed e-con e-parent\" data-id=\"6b2b28d\" data-element_type=\"container\" data-e-type=\"container\">\n\t\t\t\t\t<div class=\"e-con-inner\">\n\t\t\t\t<div class=\"elementor-element elementor-element-9aa1708 elementor-view-default elementor-widget elementor-widget-icon\" data-id=\"9aa1708\" data-element_type=\"widget\" data-e-type=\"widget\" data-widget_type=\"icon.default\">\n\t\t\t\t\t\t\t<div class=\"elementor-icon-wrapper\">\n\t\t\t<a class=\"elementor-icon\" href=\"https:\/\/www.deliasaavedra.es\/fr\/\">\n\t\t\t<svg aria-hidden=\"true\" class=\"e-font-icon-svg e-fas-home\" viewBox=\"0 0 576 512\" xmlns=\"http:\/\/www.w3.org\/2000\/svg\"><path d=\"M280.37 148.26L96 300.11V464a16 16 0 0 0 16 16l112.06-.29a16 16 0 0 0 15.92-16V368a16 16 0 0 1 16-16h64a16 16 0 0 1 16 16v95.64a16 16 0 0 0 16 16.05L464 480a16 16 0 0 0 16-16V300L295.67 148.26a12.19 12.19 0 0 0-15.3 0zM571.6 251.47L488 182.56V44.05a12 12 0 0 0-12-12h-56a12 12 0 0 0-12 12v72.61L318.47 43a48 48 0 0 0-61 0L4.34 251.47a12 12 0 0 0-1.6 16.9l25.5 31A12 12 0 0 0 45.15 301l235.22-193.74a12.19 12.19 0 0 1 15.3 0L530.9 301a12 12 0 0 0 16.9-1.6l25.5-31a12 12 0 0 0-1.7-16.93z\"><\/path><\/svg>\t\t\t<\/a>\n\t\t<\/div>\n\t\t\t\t\t\t<\/div>\n\t\t\t\t<div class=\"elementor-element elementor-element-15a9242 elementor-widget elementor-widget-heading\" data-id=\"15a9242\" data-element_type=\"widget\" data-e-type=\"widget\" data-widget_type=\"heading.default\">\n\t\t\t\t\t<h1 class=\"elementor-heading-title elementor-size-default\">Services.<\/h1>\t\t\t\t<\/div>\n\t\t\t\t<div class=\"elementor-element elementor-element-739cc01 elementor-widget elementor-widget-text-editor\" data-id=\"739cc01\" data-element_type=\"widget\" data-e-type=\"widget\" data-widget_type=\"text-editor.default\">\n\t\t\t\t\t\t\t\t\tAvec pr\u00e8s de 15 ans d&rsquo;exp\u00e9rience dans le secteur, je vous garantis <a style=\"color: orange;\" href=\"https:\/\/www.deliasaavedra.es\/fr\/interpretation\/\">l&rsquo;interpr\u00e9tation<\/a> et\/ou la <a style=\"color: pink;\" href=\"https:\/\/www.deliasaavedra.es\/fr\/traduction\/\">traduction<\/a> la plus fid\u00e8le, aussi bien de l&rsquo;espagnol vers le fran\u00e7ais que vice-versa.\t\t\t\t\t\t\t\t<\/div>\n\t\t\t\t<div class=\"elementor-element elementor-element-7bb04c3 elementor-widget elementor-widget-text-editor\" data-id=\"7bb04c3\" data-element_type=\"widget\" data-e-type=\"widget\" data-widget_type=\"text-editor.default\">\n\t\t\t\t\t\t\t\t\tN&rsquo;h\u00e9sitez pas \u00e0 me contacter si vous souhaitez traduire dans une autre combinaison de langues, je connais les meilleurs professionnels et je peux assur\u00e9ment vous aider.\t\t\t\t\t\t\t\t<\/div>\n\t\t\t\t\t<\/div>\n\t\t\t\t<\/div>\n\t\t\t\t<\/div>\n\t\t","protected":false},"excerpt":{"rendered":"<p>Services. Avec pr\u00e8s de 15 ans d&rsquo;exp\u00e9rience dans le secteur, je vous garantis l&rsquo;interpr\u00e9tation et\/ou la traduction la plus fid\u00e8le, aussi bien de l&rsquo;espagnol vers le fran\u00e7ais que vice-versa.N&rsquo;h\u00e9sitez pas \u00e0 me contacter si vous souhaitez traduire dans une autre combinaison de langues, je connais les meilleurs professionnels et je peux assur\u00e9ment vous aider.<\/p>\n","protected":false},"author":1,"featured_media":0,"parent":0,"menu_order":0,"comment_status":"closed","ping_status":"closed","template":"","meta":{"footnotes":""},"class_list":["post-207","page","type-page","status-publish","hentry"],"_links":{"self":[{"href":"https:\/\/www.deliasaavedra.es\/fr\/wp-json\/wp\/v2\/pages\/207","targetHints":{"allow":["GET"]}}],"collection":[{"href":"https:\/\/www.deliasaavedra.es\/fr\/wp-json\/wp\/v2\/pages"}],"about":[{"href":"https:\/\/www.deliasaavedra.es\/fr\/wp-json\/wp\/v2\/types\/page"}],"author":[{"embeddable":true,"href":"https:\/\/www.deliasaavedra.es\/fr\/wp-json\/wp\/v2\/users\/1"}],"replies":[{"embeddable":true,"href":"https:\/\/www.deliasaavedra.es\/fr\/wp-json\/wp\/v2\/comments?post=207"}],"version-history":[{"count":4,"href":"https:\/\/www.deliasaavedra.es\/fr\/wp-json\/wp\/v2\/pages\/207\/revisions"}],"predecessor-version":[{"id":233,"href":"https:\/\/www.deliasaavedra.es\/fr\/wp-json\/wp\/v2\/pages\/207\/revisions\/233"}],"wp:attachment":[{"href":"https:\/\/www.deliasaavedra.es\/fr\/wp-json\/wp\/v2\/media?parent=207"}],"curies":[{"name":"wp","href":"https:\/\/api.w.org\/{rel}","templated":true}]}}