{"id":203,"date":"2025-11-24T10:22:22","date_gmt":"2025-11-24T09:22:22","guid":{"rendered":"https:\/\/www.deliasaavedra.es\/webdelia\/interpretation\/"},"modified":"2025-11-25T10:35:10","modified_gmt":"2025-11-25T09:35:10","slug":"interpretation","status":"publish","type":"page","link":"https:\/\/www.deliasaavedra.es\/fr\/interpretation\/","title":{"rendered":"Interpr\u00e9tation"},"content":{"rendered":"\t\t<div data-elementor-type=\"wp-post\" data-elementor-id=\"203\" class=\"elementor elementor-203 elementor-32\" data-elementor-post-type=\"page\">\n\t\t\t\t<div class=\"elementor-element elementor-element-33c4a7c e-flex e-con-boxed e-con e-parent\" data-id=\"33c4a7c\" data-element_type=\"container\" data-e-type=\"container\">\n\t\t\t\t\t<div class=\"e-con-inner\">\n\t\t\t\t<div class=\"elementor-element elementor-element-92dcbbf elementor-view-default elementor-widget elementor-widget-icon\" data-id=\"92dcbbf\" data-element_type=\"widget\" data-e-type=\"widget\" data-widget_type=\"icon.default\">\n\t\t\t\t\t\t\t<div class=\"elementor-icon-wrapper\">\n\t\t\t<a class=\"elementor-icon\" href=\"https:\/\/www.deliasaavedra.es\/fr\/\">\n\t\t\t<svg aria-hidden=\"true\" class=\"e-font-icon-svg e-fas-home\" viewBox=\"0 0 576 512\" xmlns=\"http:\/\/www.w3.org\/2000\/svg\"><path d=\"M280.37 148.26L96 300.11V464a16 16 0 0 0 16 16l112.06-.29a16 16 0 0 0 15.92-16V368a16 16 0 0 1 16-16h64a16 16 0 0 1 16 16v95.64a16 16 0 0 0 16 16.05L464 480a16 16 0 0 0 16-16V300L295.67 148.26a12.19 12.19 0 0 0-15.3 0zM571.6 251.47L488 182.56V44.05a12 12 0 0 0-12-12h-56a12 12 0 0 0-12 12v72.61L318.47 43a48 48 0 0 0-61 0L4.34 251.47a12 12 0 0 0-1.6 16.9l25.5 31A12 12 0 0 0 45.15 301l235.22-193.74a12.19 12.19 0 0 1 15.3 0L530.9 301a12 12 0 0 0 16.9-1.6l25.5-31a12 12 0 0 0-1.7-16.93z\"><\/path><\/svg>\t\t\t<\/a>\n\t\t<\/div>\n\t\t\t\t\t\t<\/div>\n\t\t\t\t<div class=\"elementor-element elementor-element-e890489 elementor-widget elementor-widget-heading\" data-id=\"e890489\" data-element_type=\"widget\" data-e-type=\"widget\" data-widget_type=\"heading.default\">\n\t\t\t\t\t<h1 class=\"elementor-heading-title elementor-size-default\">Interpr\u00e9tation.<\/h1>\t\t\t\t<\/div>\n\t\t<div class=\"elementor-element elementor-element-cd79ed6 e-con-full e-flex e-con e-child\" data-id=\"cd79ed6\" data-element_type=\"container\" data-e-type=\"container\">\n\t\t<div class=\"elementor-element elementor-element-b93c233 e-con-full e-flex e-con e-child\" data-id=\"b93c233\" data-element_type=\"container\" data-e-type=\"container\">\n\t\t\t\t<div class=\"elementor-element elementor-element-8d9291f elementor-widget elementor-widget-text-editor\" data-id=\"8d9291f\" data-element_type=\"widget\" data-e-type=\"widget\" data-widget_type=\"text-editor.default\">\n\t\t\t\t\t\t\t\t\t<p><strong>Formation<\/strong><\/p><p>Dipl\u00f4m\u00e9e en Traduction et Interpr\u00e9tation en 1999 par l&rsquo;Universit\u00e9 d&rsquo;Alicante.<\/p><p>Traductrice-Interpr\u00e8te asserment\u00e9e de fran\u00e7ais nomm\u00e9e par le Minist\u00e8re des Affaires \u00e9trang\u00e8res et de la Coop\u00e9ration en 1999<\/p>\t\t\t\t\t\t\t\t<\/div>\n\t\t\t\t<\/div>\n\t\t<div class=\"elementor-element elementor-element-0bb6ccb e-con-full e-flex e-con e-child\" data-id=\"0bb6ccb\" data-element_type=\"container\" data-e-type=\"container\">\n\t\t\t\t<div class=\"elementor-element elementor-element-c91c3a4 elementor-widget elementor-widget-text-editor\" data-id=\"c91c3a4\" data-element_type=\"widget\" data-e-type=\"widget\" data-widget_type=\"text-editor.default\">\n\t\t\t\t\t\t\t\t\t<p><strong>Services<\/strong><\/p><p>Interpr\u00e9tation simultan\u00e9e<br>Interpr\u00e9tation cons\u00e9cutive<br>Interpr\u00e9tation bilat\u00e9rale<br>Chuchotage<\/p>\t\t\t\t\t\t\t\t<\/div>\n\t\t\t\t<\/div>\n\t\t<div class=\"elementor-element elementor-element-67eae4a e-con-full e-flex e-con e-child\" data-id=\"67eae4a\" data-element_type=\"container\" data-e-type=\"container\">\n\t\t\t\t<div class=\"elementor-element elementor-element-5bd7296 elementor-widget elementor-widget-text-editor\" data-id=\"5bd7296\" data-element_type=\"widget\" data-e-type=\"widget\" data-widget_type=\"text-editor.default\">\n\t\t\t\t\t\t\t\t\t<p><strong>Exp\u00e9rience<\/strong><\/p><p>Tribunaux et commissariats<br>Visites d&rsquo;affaires<br>Congr\u00e8s<br>Conf\u00e9rences de presse<\/p>\t\t\t\t\t\t\t\t<\/div>\n\t\t\t\t<\/div>\n\t\t\t\t<\/div>\n\t\t\t\t\t<\/div>\n\t\t\t\t<\/div>\n\t\t\t\t<\/div>\n\t\t","protected":false},"excerpt":{"rendered":"<p>Interpr\u00e9tation. Formation Dipl\u00f4m\u00e9e en Traduction et Interpr\u00e9tation en 1999 par l&rsquo;Universit\u00e9 d&rsquo;Alicante. Traductrice-Interpr\u00e8te asserment\u00e9e de fran\u00e7ais nomm\u00e9e par le Minist\u00e8re des Affaires \u00e9trang\u00e8res et de la Coop\u00e9ration en 1999 Services Interpr\u00e9tation simultan\u00e9eInterpr\u00e9tation cons\u00e9cutiveInterpr\u00e9tation bilat\u00e9raleChuchotage Exp\u00e9rience Tribunaux et commissariatsVisites d&rsquo;affairesCongr\u00e8sConf\u00e9rences de presse<\/p>\n","protected":false},"author":1,"featured_media":0,"parent":0,"menu_order":0,"comment_status":"closed","ping_status":"closed","template":"","meta":{"footnotes":""},"class_list":["post-203","page","type-page","status-publish","hentry"],"_links":{"self":[{"href":"https:\/\/www.deliasaavedra.es\/fr\/wp-json\/wp\/v2\/pages\/203","targetHints":{"allow":["GET"]}}],"collection":[{"href":"https:\/\/www.deliasaavedra.es\/fr\/wp-json\/wp\/v2\/pages"}],"about":[{"href":"https:\/\/www.deliasaavedra.es\/fr\/wp-json\/wp\/v2\/types\/page"}],"author":[{"embeddable":true,"href":"https:\/\/www.deliasaavedra.es\/fr\/wp-json\/wp\/v2\/users\/1"}],"replies":[{"embeddable":true,"href":"https:\/\/www.deliasaavedra.es\/fr\/wp-json\/wp\/v2\/comments?post=203"}],"version-history":[{"count":1,"href":"https:\/\/www.deliasaavedra.es\/fr\/wp-json\/wp\/v2\/pages\/203\/revisions"}],"predecessor-version":[{"id":204,"href":"https:\/\/www.deliasaavedra.es\/fr\/wp-json\/wp\/v2\/pages\/203\/revisions\/204"}],"wp:attachment":[{"href":"https:\/\/www.deliasaavedra.es\/fr\/wp-json\/wp\/v2\/media?parent=203"}],"curies":[{"name":"wp","href":"https:\/\/api.w.org\/{rel}","templated":true}]}}