{"id":201,"date":"2025-11-24T10:04:57","date_gmt":"2025-11-24T09:04:57","guid":{"rendered":"https:\/\/www.deliasaavedra.es\/webdelia\/accueil\/"},"modified":"2025-11-27T08:55:48","modified_gmt":"2025-11-27T07:55:48","slug":"accueil","status":"publish","type":"page","link":"https:\/\/www.deliasaavedra.es\/fr\/","title":{"rendered":"Accueil"},"content":{"rendered":"\t\t<div data-elementor-type=\"wp-post\" data-elementor-id=\"201\" class=\"elementor elementor-201 elementor-8\" data-elementor-post-type=\"page\">\n\t\t\t\t<div class=\"elementor-element elementor-element-593cdb9 e-flex e-con-boxed e-con e-parent\" data-id=\"593cdb9\" data-element_type=\"container\" data-e-type=\"container\">\n\t\t\t\t\t<div class=\"e-con-inner\">\n\t\t\t\t<div class=\"elementor-element elementor-element-420cb35 elementor-widget elementor-widget-heading\" data-id=\"420cb35\" data-element_type=\"widget\" data-e-type=\"widget\" data-widget_type=\"heading.default\">\n\t\t\t\t\t<h1 class=\"elementor-heading-title elementor-size-default\">BONJOUR !<\/h1>\t\t\t\t<\/div>\n\t\t\t\t<div class=\"elementor-element elementor-element-4f2cb8e elementor-widget elementor-widget-text-editor\" data-id=\"4f2cb8e\" data-element_type=\"widget\" data-e-type=\"widget\" data-widget_type=\"text-editor.default\">\n\t\t\t\t\t\t\t\t\t<p>Je m&rsquo;appelle <a href=\"https:\/\/www.deliasaavedra.es\/webdelia\/contacto\/\">Delia Saavedra<\/a>. Je peux vous proposer diff\u00e9rents <a style=\"color: blue;\" href=\"https:\/\/www.deliasaavedra.es\/webdelia\/traduccion\/\">services <\/a>en fran\u00e7ais gr\u00e2ce \u00e0 ma formation et \u00e0 mon exp\u00e9rience professionnelle en tant que <a style=\"color: green;\" href=\"https:\/\/www.deliasaavedra.es\/webdelia\/traduccion-jurada\/\">traductrice asserment\u00e9e<\/a>.<\/p>\t\t\t\t\t\t\t\t<\/div>\n\t\t\t\t<div class=\"elementor-element elementor-element-7724848 elementor-widget elementor-widget-text-editor\" data-id=\"7724848\" data-element_type=\"widget\" data-e-type=\"widget\" data-widget_type=\"text-editor.default\">\n\t\t\t\t\t\t\t\t\t\u00ab Le lecteur id\u00e9al c&rsquo;est le traducteur. Il est capable de diss\u00e9quer le texte, de le d\u00e9piauter, de le trancher jusqu&rsquo;\u00e0 la moelle, de suivre chaque art\u00e8re et chaque veine et puis de mettre sur pied un \u00eatre vivant enti\u00e8rement neuf.\u00bb Alberto Manguel.\t\t\t\t\t\t\t\t<\/div>\n\t\t\t\t\t<\/div>\n\t\t\t\t<\/div>\n\t\t\t\t<\/div>\n\t\t","protected":false},"excerpt":{"rendered":"<p>BONJOUR ! Je m&rsquo;appelle Delia Saavedra. Je peux vous proposer diff\u00e9rents services en fran\u00e7ais gr\u00e2ce \u00e0 ma formation et \u00e0 mon exp\u00e9rience professionnelle en tant que traductrice asserment\u00e9e. \u00ab Le lecteur id\u00e9al c&rsquo;est le traducteur. Il est capable de diss\u00e9quer le texte, de le d\u00e9piauter, de le trancher jusqu&rsquo;\u00e0 la moelle, de suivre chaque art\u00e8re [&hellip;]<\/p>\n","protected":false},"author":1,"featured_media":0,"parent":0,"menu_order":0,"comment_status":"closed","ping_status":"closed","template":"","meta":{"footnotes":""},"class_list":["post-201","page","type-page","status-publish","hentry"],"_links":{"self":[{"href":"https:\/\/www.deliasaavedra.es\/fr\/wp-json\/wp\/v2\/pages\/201","targetHints":{"allow":["GET"]}}],"collection":[{"href":"https:\/\/www.deliasaavedra.es\/fr\/wp-json\/wp\/v2\/pages"}],"about":[{"href":"https:\/\/www.deliasaavedra.es\/fr\/wp-json\/wp\/v2\/types\/page"}],"author":[{"embeddable":true,"href":"https:\/\/www.deliasaavedra.es\/fr\/wp-json\/wp\/v2\/users\/1"}],"replies":[{"embeddable":true,"href":"https:\/\/www.deliasaavedra.es\/fr\/wp-json\/wp\/v2\/comments?post=201"}],"version-history":[{"count":5,"href":"https:\/\/www.deliasaavedra.es\/fr\/wp-json\/wp\/v2\/pages\/201\/revisions"}],"predecessor-version":[{"id":237,"href":"https:\/\/www.deliasaavedra.es\/fr\/wp-json\/wp\/v2\/pages\/201\/revisions\/237"}],"wp:attachment":[{"href":"https:\/\/www.deliasaavedra.es\/fr\/wp-json\/wp\/v2\/media?parent=201"}],"curies":[{"name":"wp","href":"https:\/\/api.w.org\/{rel}","templated":true}]}}